{"id":135,"date":"2024-02-08T11:16:37","date_gmt":"2024-02-08T10:16:37","guid":{"rendered":"https:\/?page_id=135"},"modified":"2024-07-26T17:07:11","modified_gmt":"2024-07-26T17:07:11","slug":"aboutme","status":"publish","type":"page","link":"https:\/\/julianurbina.com\/de\/aboutme\/","title":{"rendered":"\u00dcber mich"},"content":{"rendered":"<div data-elementor-type=\"wp-page\" data-elementor-id=\"135\" class=\"elementor elementor-135\" data-elementor-settings=\"{&quot;ha_cmc_init_switcher&quot;:&quot;no&quot;}\" data-elementor-post-type=\"page\">\n\t\t\t\t<div class=\"elementor-element elementor-element-45cf39d e-flex e-con-boxed e-con e-parent\" data-id=\"45cf39d\" data-element_type=\"container\" data-settings=\"{&quot;_ha_eqh_enable&quot;:false}\">\n\t\t\t\t\t<div class=\"e-con-inner\">\n\t\t<div class=\"elementor-element elementor-element-6f2b8ab e-con-full e-flex e-con e-child\" data-id=\"6f2b8ab\" data-element_type=\"container\" data-settings=\"{&quot;_ha_eqh_enable&quot;:false}\">\n\t\t\t\t<div class=\"elementor-element elementor-element-e35bccc elementor-widget elementor-widget-image\" data-id=\"e35bccc\" data-element_type=\"widget\" data-widget_type=\"image.default\">\n\t\t\t\t<div class=\"elementor-widget-container\">\n\t\t\t\t\t\t\t\t\t\t\t\t\t\t\t<img fetchpriority=\"high\" decoding=\"async\" width=\"576\" height=\"1024\" src=\"https:\/\/julianurbina.com\/wp-content\/uploads\/2024\/07\/julian_0324_2-edited-576x1024.webp\" class=\"attachment-large size-large wp-image-576\" alt=\"\" srcset=\"https:\/\/julianurbina.com\/wp-content\/uploads\/2024\/07\/julian_0324_2-edited-576x1024.webp 576w, https:\/\/julianurbina.com\/wp-content\/uploads\/2024\/07\/julian_0324_2-edited-169x300.webp 169w, https:\/\/julianurbina.com\/wp-content\/uploads\/2024\/07\/julian_0324_2-edited-768x1365.webp 768w, https:\/\/julianurbina.com\/wp-content\/uploads\/2024\/07\/julian_0324_2-edited-864x1536.webp 864w, https:\/\/julianurbina.com\/wp-content\/uploads\/2024\/07\/julian_0324_2-edited-1152x2048.webp 1152w, https:\/\/julianurbina.com\/wp-content\/uploads\/2024\/07\/julian_0324_2-edited-scaled.webp 1440w\" sizes=\"(max-width: 576px) 100vw, 576px\" \/>\t\t\t\t\t\t\t\t\t\t\t\t\t\t\t<\/div>\n\t\t\t\t<\/div>\n\t\t\t\t<\/div>\n\t\t<div class=\"elementor-element elementor-element-123a4a7 e-con-full e-flex e-con e-child\" data-id=\"123a4a7\" data-element_type=\"container\" data-settings=\"{&quot;_ha_eqh_enable&quot;:false}\">\n\t\t\t\t<div class=\"elementor-element elementor-element-1094551 elementor-widget elementor-widget-heading\" data-id=\"1094551\" data-element_type=\"widget\" data-widget_type=\"heading.default\">\n\t\t\t\t<div class=\"elementor-widget-container\">\n\t\t\t\t\t<h2 class=\"elementor-heading-title elementor-size-default\">Von der Kindheit im Krieg zum vision\u00e4ren Bildhauer<\/h2>\t\t\t\t<\/div>\n\t\t\t\t<\/div>\n\t\t\t\t<div class=\"elementor-element elementor-element-9fe1e10 elementor-widget elementor-widget-text-editor\" data-id=\"9fe1e10\" data-element_type=\"widget\" data-widget_type=\"text-editor.default\">\n\t\t\t\t<div class=\"elementor-widget-container\">\n\t\t\t\t\t\t\t\t\t<p>Mein k\u00fcnstlerisches Streben ist es, die K\u00f6rperlichkeit und das Wesen von Portr\u00e4ts und Skulpturen in der Tradition der alten Meister zu verk\u00f6rpern. Durch meine Skulpturen m\u00f6chte ich dem Alltagsmenschen einen Platz in der Welt geben und ihn aus der Anonymit\u00e4t hervorheben\u2026<\/p>\t\t\t\t\t\t\t\t<\/div>\n\t\t\t\t<\/div>\n\t\t\t\t<div class=\"elementor-element elementor-element-6ab2685 elementor-widget elementor-widget-button\" data-id=\"6ab2685\" data-element_type=\"widget\" data-widget_type=\"button.default\">\n\t\t\t\t<div class=\"elementor-widget-container\">\n\t\t\t\t\t\t\t\t\t<div class=\"elementor-button-wrapper\">\n\t\t\t\t\t<a class=\"elementor-button elementor-button-link elementor-size-sm\" href=\"http:\/\/wa.me\/4915901478977\">\n\t\t\t\t\t\t<span class=\"elementor-button-content-wrapper\">\n\t\t\t\t\t\t\t\t\t<span class=\"elementor-button-text\">Contact me<\/span>\n\t\t\t\t\t<\/span>\n\t\t\t\t\t<\/a>\n\t\t\t\t<\/div>\n\t\t\t\t\t\t\t\t<\/div>\n\t\t\t\t<\/div>\n\t\t\t\t<\/div>\n\t\t\t\t\t<\/div>\n\t\t\t\t<\/div>\n\t\t<div class=\"elementor-element elementor-element-369e875 e-flex e-con-boxed e-con e-parent\" data-id=\"369e875\" data-element_type=\"container\" data-settings=\"{&quot;background_background&quot;:&quot;classic&quot;,&quot;_ha_eqh_enable&quot;:false}\">\n\t\t\t\t\t<div class=\"e-con-inner\">\n\t\t<div class=\"elementor-element elementor-element-03ce2a0 e-con-full e-flex e-con e-child\" data-id=\"03ce2a0\" data-element_type=\"container\" data-settings=\"{&quot;_ha_eqh_enable&quot;:false}\">\n\t\t\t\t<div class=\"elementor-element elementor-element-f0079ac elementor-widget elementor-widget-heading\" data-id=\"f0079ac\" data-element_type=\"widget\" data-widget_type=\"heading.default\">\n\t\t\t\t<div class=\"elementor-widget-container\">\n\t\t\t\t\t<h2 class=\"elementor-heading-title elementor-size-default\">Von der Kindheit im Krieg zum vision\u00e4ren Bildhauer<\/h2>\t\t\t\t<\/div>\n\t\t\t\t<\/div>\n\t\t\t\t<div class=\"elementor-element elementor-element-bf7a8a9 elementor-widget elementor-widget-text-editor\" data-id=\"bf7a8a9\" data-element_type=\"widget\" data-widget_type=\"text-editor.default\">\n\t\t\t\t<div class=\"elementor-widget-container\">\n\t\t\t\t\t\t\t\t\t<p>Julian Urbinas Lebensgeschichte liest sich wie ein Drehbuch, das er einst h\u00e4tte produzieren k\u00f6nnen. Aufgewachsen in Kolumbien, einem Land, das von Krieg und Konflikten gezeichnet ist, und gepr\u00e4gt vom fr\u00fchen Verlust seines Vaters, erlebte Julian eine Kindheit voller Herausforderungen und Umbr\u00fcche.<\/p>\t\t\t\t\t\t\t\t<\/div>\n\t\t\t\t<\/div>\n\t\t\t\t<\/div>\n\t\t<div class=\"elementor-element elementor-element-9055a5e e-con-full e-flex e-con e-child\" data-id=\"9055a5e\" data-element_type=\"container\" data-settings=\"{&quot;_ha_eqh_enable&quot;:false}\">\n\t\t\t\t<div class=\"elementor-element elementor-element-95ca586 elementor-widget elementor-widget-image\" data-id=\"95ca586\" data-element_type=\"widget\" data-widget_type=\"image.default\">\n\t\t\t\t<div class=\"elementor-widget-container\">\n\t\t\t\t\t\t\t\t\t\t\t\t\t\t\t<img decoding=\"async\" width=\"683\" height=\"1024\" src=\"https:\/\/julianurbina.com\/wp-content\/uploads\/2024\/07\/dsc_0459-683x1024.webp\" class=\"attachment-large size-large wp-image-539\" alt=\"\" srcset=\"https:\/\/julianurbina.com\/wp-content\/uploads\/2024\/07\/dsc_0459-683x1024.webp 683w, https:\/\/julianurbina.com\/wp-content\/uploads\/2024\/07\/dsc_0459-200x300.webp 200w, https:\/\/julianurbina.com\/wp-content\/uploads\/2024\/07\/dsc_0459-768x1152.webp 768w, https:\/\/julianurbina.com\/wp-content\/uploads\/2024\/07\/dsc_0459-1024x1536.webp 1024w, https:\/\/julianurbina.com\/wp-content\/uploads\/2024\/07\/dsc_0459-1365x2048.webp 1365w, https:\/\/julianurbina.com\/wp-content\/uploads\/2024\/07\/dsc_0459-scaled.webp 1707w\" sizes=\"(max-width: 683px) 100vw, 683px\" \/>\t\t\t\t\t\t\t\t\t\t\t\t\t\t\t<\/div>\n\t\t\t\t<\/div>\n\t\t\t\t<\/div>\n\t\t\t\t\t<\/div>\n\t\t\t\t<\/div>\n\t\t\t\t<\/div>","protected":false},"excerpt":{"rendered":"<p>Between Canvas and Life: Julian&#8217;s Artistic Journey of Eternity My artistic pursuit is to embody the physicality and essence of portraits and sculptures in the tradition of the old masters. Through my sculptures, I aim to give everyday people a place in the world, lifting them out of anonymity&#8230; Contact me From childhood in war [&hellip;]<\/p>","protected":false},"author":1,"featured_media":0,"parent":0,"menu_order":0,"comment_status":"closed","ping_status":"closed","template":"","meta":{"footnotes":""},"_links":{"self":[{"href":"https:\/\/julianurbina.com\/de\/wp-json\/wp\/v2\/pages\/135"}],"collection":[{"href":"https:\/\/julianurbina.com\/de\/wp-json\/wp\/v2\/pages"}],"about":[{"href":"https:\/\/julianurbina.com\/de\/wp-json\/wp\/v2\/types\/page"}],"author":[{"embeddable":true,"href":"https:\/\/julianurbina.com\/de\/wp-json\/wp\/v2\/users\/1"}],"replies":[{"embeddable":true,"href":"https:\/\/julianurbina.com\/de\/wp-json\/wp\/v2\/comments?post=135"}],"version-history":[{"count":28,"href":"https:\/\/julianurbina.com\/de\/wp-json\/wp\/v2\/pages\/135\/revisions"}],"predecessor-version":[{"id":1081,"href":"https:\/\/julianurbina.com\/de\/wp-json\/wp\/v2\/pages\/135\/revisions\/1081"}],"wp:attachment":[{"href":"https:\/\/julianurbina.com\/de\/wp-json\/wp\/v2\/media?parent=135"}],"curies":[{"name":"wp","href":"https:\/\/api.w.org\/{rel}","templated":true}]}}